{"id":26,"date":"2022-04-01T08:40:54","date_gmt":"2022-04-01T08:40:54","guid":{"rendered":"https:\/\/revitalise.lis-lab.fr\/?page_id=26"},"modified":"2023-10-25T07:21:35","modified_gmt":"2023-10-25T07:21:35","slug":"publications","status":"publish","type":"page","link":"https:\/\/revitalise.lis-lab.fr\/?page_id=26","title":{"rendered":"Publications"},"content":{"rendered":"\n<p>Marion Ristorcelli, Emma Gallego, K\u00e9vin Nguy, Jean-Marie Pergandi, R\u00e9my Casanova, et Magalie Ochs. Investigating the impact of a virtual audience&#8217;s gender and attitudes on a human speaker. ACM International Conference on Multimodal Interaction (ICMI) &#8211; Workshop SAMIH (Social Affective Multimodale Interaction for Health), Oct 2023, Paris, France. <\/p>\n\n\n\n<p><\/p>\n\n\n\n<p>Alisa Barkar, Mathieu Chollet, Beatrice Biancardi, Chloe Clavel. Insights Into the Importance of Linguistic Textual Features on the Persuasiveness of Public Speaking. 25th International Conference on Multimodal Interaction (iCMI 2023), Oct 2023, Paris, France. pp.51-55, <\/p>\n\n\n\n<p><\/p>\n\n\n\n<p>Chollet, M., Marsella, S., &amp; Scherer, S. (2022). Training public speaking with virtual social interactions: effectiveness of real-time feedback and delayed feedback. <em>Journal on Multimodal User Interfaces<\/em>, <em>16<\/em>(1), 17-29.<\/p>\n\n\n\n<p><br>Fourati, N., &amp; Chollet, M. (2020). Vers un syst\u00e8me de production de feedbacks personnalis\u00e9 pour l&#8217;entra\u00eenement de la prise de parole en public. In <em>Workshop sur les Affects, Compagnons artificiels et Interactions<\/em>.<\/p>\n\n\n\n<p><\/p>\n\n\n\n<p>Gl\u00e9marec, Y., Bosser, A. G., Buche, C., Lugrin, J. L., Landeck, M., Latoschik, M. E., &amp; Chollet, M. (2019, November). A Scalability Benchmark for a Virtual Audience Perception Model in Virtual Reality. In <em>25th ACM Symposium on Virtual Reality Software and Technology<\/em> (pp. 1-1).<\/p>\n\n\n\n<p><br>Chollet, M., Ghate, P., Neubauer, C., &amp; Scherer, S. (2018, November). Influence of individual differences when training public speaking with virtual audiences. In <em>Proceedings of the 18th International Conference on Intelligent Virtual Agents<\/em> (pp. 1-7).<\/p>\n\n\n\n<p><br>Chollet, M., &amp; Scherer, S. (2017). Perception of virtual audiences. <em>IEEE computer graphics and applications<\/em>, <em>37<\/em>(4), 50-59.<\/p>\n\n\n\n<p><br>Chollet, M., Massachi, T., &amp; Scherer, S. (2017, August). Racing heart and sweaty palms. What Influences Users\u2019 Self-Assessments and Physiological Signals When Interacting with Virtual Audiences? In <em>International Conference on Intelligent Virtual Agents<\/em> (pp. 83-86). Springer, Cham.<\/p>\n\n\n\n<p><br>Chollet, M., &amp; Scherer, S. (2017, May). Assessing public speaking ability from thin slices of behavior. In <em>2017 12th IEEE International Conference on Automatic Face &amp; Gesture Recognition (FG 2017)<\/em> (pp. 310-316). IEEE.<\/p>\n\n\n\n<p><br>Chollet, M., Prendinger, H., &amp; Scherer, S. (2016, October). Native vs. non-native language fluency implications on multimodal interaction for interpersonal skills training. In <em>Proceedings of the 18th ACM International Conference on Multimodal Interaction<\/em> (pp. 386-393).<\/p>\n\n\n\n<p><br>Chollet, M., Chandrashekhar, N., Shapiro, A., Morency, L. P., &amp; Scherer, S. (2016, September). Manipulating the perception of virtual audiences using crowdsourced behaviors. In <em>International Conference on Intelligent Virtual Agents<\/em> (pp. 164-174). Springer, Cham.<\/p>\n\n\n\n<p><br>W\u00f6rtwein, T., Chollet, M., Schauerte, B., Morency, L. P., Stiefelhagen, R., &amp; Scherer, S. (2015, November). Multimodal public speaking performance assessment. In <em>Proceedings of the 2015 ACM on International Conference on Multimodal Interaction<\/em> (pp. 43-50).<\/p>\n\n\n\n<p><br>Chollet, M., W\u00f6rtwein, T., Morency, L. P., Shapiro, A., &amp; Scherer, S. (2015, September). Exploring feedback strategies to improve public speaking: an interactive virtual audience framework. In <em>Proceedings of the 2015 ACM International Joint Conference on Pervasive and Ubiquitous Computing<\/em> (pp. 1143-1154).<\/p>\n\n\n\n<p><\/p>\n","protected":false},"excerpt":{"rendered":"<p>Marion Ristorcelli, Emma Gallego, K\u00e9vin Nguy, Jean-Marie Pergandi, R\u00e9my Casanova, et Magalie Ochs. Investigating the impact of a virtual audience&#8217;s gender and attitudes on a human speaker. ACM International Conference on Multimodal Interaction (ICMI) &#8211; Workshop SAMIH (Social Affective Multimodale Interaction for Health), Oct 2023, Paris, France. Alisa Barkar, Mathieu [&hellip;]<\/p>\n","protected":false},"author":1,"featured_media":0,"parent":0,"menu_order":0,"comment_status":"closed","ping_status":"closed","template":"","meta":{"footnotes":""},"class_list":["post-26","page","type-page","status-publish","hentry"],"_links":{"self":[{"href":"https:\/\/revitalise.lis-lab.fr\/index.php?rest_route=\/wp\/v2\/pages\/26","targetHints":{"allow":["GET"]}}],"collection":[{"href":"https:\/\/revitalise.lis-lab.fr\/index.php?rest_route=\/wp\/v2\/pages"}],"about":[{"href":"https:\/\/revitalise.lis-lab.fr\/index.php?rest_route=\/wp\/v2\/types\/page"}],"author":[{"embeddable":true,"href":"https:\/\/revitalise.lis-lab.fr\/index.php?rest_route=\/wp\/v2\/users\/1"}],"replies":[{"embeddable":true,"href":"https:\/\/revitalise.lis-lab.fr\/index.php?rest_route=%2Fwp%2Fv2%2Fcomments&post=26"}],"version-history":[{"count":6,"href":"https:\/\/revitalise.lis-lab.fr\/index.php?rest_route=\/wp\/v2\/pages\/26\/revisions"}],"predecessor-version":[{"id":137,"href":"https:\/\/revitalise.lis-lab.fr\/index.php?rest_route=\/wp\/v2\/pages\/26\/revisions\/137"}],"wp:attachment":[{"href":"https:\/\/revitalise.lis-lab.fr\/index.php?rest_route=%2Fwp%2Fv2%2Fmedia&parent=26"}],"curies":[{"name":"wp","href":"https:\/\/api.w.org\/{rel}","templated":true}]}}